{"id":239,"date":"2024-11-06T14:44:37","date_gmt":"2024-11-06T13:44:37","guid":{"rendered":"https:\/\/arenacenter.cloud10.webhome.at\/?page_id=239"},"modified":"2025-11-12T09:03:33","modified_gmt":"2025-11-12T08:03:33","slug":"speisekarte","status":"publish","type":"page","link":"https:\/\/www.arena-center.at\/en\/speisekarte\/","title":{"rendered":"Menu"},"content":{"rendered":"<p>[et_pb_section fb_built=&#8220;1&#8243; custom_padding_last_edited=&#8220;on|tablet&#8220; _builder_version=&#8220;4.25.2&#8243; _module_preset=&#8220;default&#8220; background_color=&#8220;#001A41&#8243; custom_padding=&#8220;56px||80px||false|false&#8220; custom_padding_tablet=&#8220;60px||50px||false|false&#8220; custom_padding_phone=&#8220;||60px||false|false&#8220; custom_css_main_element=&#8220;overflow: hidden !important;&#8220; global_colors_info=&#8220;{}&#8220;][et_pb_row _builder_version=&#8220;4.25.2&#8243; _module_preset=&#8220;default&#8220; global_colors_info=&#8220;{}&#8220;][et_pb_column type=&#8220;4_4&#8243; _builder_version=&#8220;4.25.2&#8243; _module_preset=&#8220;default&#8220; global_colors_info=&#8220;{}&#8220;][et_pb_image src=&#8220;https:\/\/www.arena-center.at\/wp-content\/uploads\/2024\/11\/Arena-Center-Logo.svg&#8220; alt=&#8220;Arena Center&#8220; title_text=&#8220;Arena Center&#8220; align=&#8220;center&#8220; _builder_version=&#8220;4.25.2&#8243; _module_preset=&#8220;default&#8220; height=&#8220;154px&#8220; height_tablet=&#8220;72px&#8220; height_phone=&#8220;66px&#8220; height_last_edited=&#8220;on|phone&#8220; custom_margin=&#8220;0px||60px||false|false&#8220; custom_margin_tablet=&#8220;||50px||false|false&#8220; custom_margin_phone=&#8220;||50px||false|false&#8220; custom_margin_last_edited=&#8220;on|tablet&#8220; global_colors_info=&#8220;{}&#8220;][\/et_pb_image][et_pb_image src=&#8220;https:\/\/www.arena-center.at\/wp-content\/uploads\/2024\/11\/Bild.png&#8220; alt=&#8220;Rippchen&#8220; title_text=&#8220;Rippchen&#8220; force_fullwidth=&#8220;on&#8220; _builder_version=&#8220;4.25.2&#8243; _module_preset=&#8220;default&#8220; background_image=&#8220;https:\/\/www.arena-center.at\/wp-content\/uploads\/2024\/11\/Rippchen.webp&#8220; background_position=&#8220;top_center&#8220; background_vertical_offset=&#8220;16%&#8220; height=&#8220;408px&#8220; height_tablet=&#8220;320px&#8220; height_phone=&#8220;190px&#8220; height_last_edited=&#8220;on|phone&#8220; custom_margin=&#8220;0px||50px||false|false&#8220; custom_margin_tablet=&#8220;||35px||false|false&#8220; custom_margin_phone=&#8220;||45px||false|false&#8220; custom_margin_last_edited=&#8220;on|phone&#8220; global_colors_info=&#8220;{}&#8220;][\/et_pb_image][et_pb_text _builder_version=&#8220;4.25.2&#8243; _module_preset=&#8220;default&#8220; header_text_color=&#8220;#0064D7&#8243; text_orientation=&#8220;center&#8220; global_colors_info=&#8220;{}&#8220;]<\/p>\n<h1>Jeder Besuch<br \/>\n<span style=\"color: #fafafa;\">macht Appetit<\/span><\/h1>\n<p>[\/et_pb_text][et_pb_image src=&#8220;https:\/\/www.arena-center.at\/wp-content\/uploads\/2024\/11\/Skifahren-und-Berge.svg&#8220; alt=&#8220;Skifahren und Berge&#8220; title_text=&#8220;Skifahren und Berge&#8220; admin_label=&#8220;Icon Sektgl\u00e4ser&#8220; _builder_version=&#8220;4.25.2&#8243; _module_preset=&#8220;default&#8220; positioning=&#8220;absolute&#8220; position_origin_a=&#8220;bottom_left&#8220; vertical_offset=&#8220;155px&#8220; horizontal_offset=&#8220;-110px&#8220; vertical_offset_tablet=&#8220;199px&#8220; vertical_offset_phone=&#8220;195px&#8220; vertical_offset_last_edited=&#8220;on|desktop&#8220; horizontal_offset_tablet=&#8220;-46px&#8220; horizontal_offset_phone=&#8220;-46px&#8220; horizontal_offset_last_edited=&#8220;on|phone&#8220; width=&#8220;230px&#8220; width_tablet=&#8220;133px&#8220; width_phone=&#8220;134px&#8220; width_last_edited=&#8220;on|phone&#8220; global_colors_info=&#8220;{}&#8220;][\/et_pb_image][et_pb_image src=&#8220;https:\/\/www.arena-center.at\/wp-content\/uploads\/2024\/11\/Tasse-und-Herz.svg&#8220; alt=&#8220;Tasse und Herz&#8220; title_text=&#8220;Tasse und Herz&#8220; admin_label=&#8220;Icon Cocktail&#8220; _builder_version=&#8220;4.25.2&#8243; _module_preset=&#8220;default&#8220; positioning=&#8220;absolute&#8220; position_origin_a=&#8220;top_right&#8220; vertical_offset=&#8220;-100px&#8220; horizontal_offset=&#8220;-110px&#8220; z_index=&#8220;-40&#8243; vertical_offset_tablet=&#8220;-64px&#8220; vertical_offset_phone=&#8220;-68px&#8220; vertical_offset_last_edited=&#8220;on|tablet&#8220; horizontal_offset_tablet=&#8220;-40px&#8220; horizontal_offset_phone=&#8220;-26px&#8220; horizontal_offset_last_edited=&#8220;on|phone&#8220; width=&#8220;220px&#8220; width_tablet=&#8220;93px&#8220; width_phone=&#8220;94px&#8220; width_last_edited=&#8220;on|phone&#8220; global_colors_info=&#8220;{}&#8220;][\/et_pb_image][et_pb_image src=&#8220;https:\/\/www.arena-center.at\/wp-content\/uploads\/2024\/11\/Lift.svg&#8220; alt=&#8220;Lift&#8220; title_text=&#8220;Lift&#8220; admin_label=&#8220;Icon Event&#8220; _builder_version=&#8220;4.25.2&#8243; _module_preset=&#8220;default&#8220; positioning=&#8220;absolute&#8220; position_origin_a=&#8220;bottom_right&#8220; vertical_offset=&#8220;22px&#8220; horizontal_offset=&#8220;-51px&#8220; vertical_offset_tablet=&#8220;74px&#8220; vertical_offset_phone=&#8220;92px&#8220; vertical_offset_last_edited=&#8220;on|phone&#8220; horizontal_offset_tablet=&#8220;-9px&#8220; horizontal_offset_phone=&#8220;-15px&#8220; horizontal_offset_last_edited=&#8220;on|tablet&#8220; width=&#8220;134px&#8220; width_tablet=&#8220;40px&#8220; width_phone=&#8220;41px&#8220; width_last_edited=&#8220;on|phone&#8220; global_colors_info=&#8220;{}&#8220;][\/et_pb_image][et_pb_image src=&#8220;https:\/\/www.arena-center.at\/wp-content\/uploads\/2024\/11\/Snowboarder.svg&#8220; alt=&#8220;Snowboarder&#8220; title_text=&#8220;Snowboarder&#8220; admin_label=&#8220;Icon gondel&#8220; _builder_version=&#8220;4.25.2&#8243; _module_preset=&#8220;default&#8220; positioning=&#8220;absolute&#8220; vertical_offset=&#8220;-40px&#8220; horizontal_offset=&#8220;-40px&#8220; vertical_offset_tablet=&#8220;-12px&#8220; vertical_offset_phone=&#8220;-26px&#8220; vertical_offset_last_edited=&#8220;on|phone&#8220; horizontal_offset_tablet=&#8220;-13px&#8220; horizontal_offset_phone=&#8220;14px&#8220; horizontal_offset_last_edited=&#8220;on|tablet&#8220; width=&#8220;95px&#8220; width_tablet=&#8220;30px&#8220; width_phone=&#8220;31px&#8220; width_last_edited=&#8220;on|phone&#8220; global_colors_info=&#8220;{}&#8220;][\/et_pb_image][\/et_pb_column][\/et_pb_row][\/et_pb_section][et_pb_section fb_built=&#8220;1&#8243; custom_padding_last_edited=&#8220;on|phone&#8220; _builder_version=&#8220;4.25.2&#8243; _module_preset=&#8220;default&#8220; background_color=&#8220;#ECECEC&#8220; custom_padding=&#8220;110px||110px||false|false&#8220; custom_padding_tablet=&#8220;88px||40px||false|false&#8220; custom_padding_phone=&#8220;88px||40px||false|false&#8220; global_colors_info=&#8220;{}&#8220;][et_pb_row column_structure=&#8220;1_2,1_2&#8243; _builder_version=&#8220;4.25.2&#8243; _module_preset=&#8220;default&#8220; global_colors_info=&#8220;{}&#8220;][et_pb_column type=&#8220;1_2&#8243; _builder_version=&#8220;4.25.2&#8243; _module_preset=&#8220;default&#8220; global_colors_info=&#8220;{}&#8220;][et_pb_text _builder_version=&#8220;4.25.2&#8243; _module_preset=&#8220;default&#8220; custom_margin=&#8220;0px||40px||false|false&#8220; global_colors_info=&#8220;{}&#8220;]<\/p>\n<p class=\"einleitung\">Das Arena Center trifft jeden Geschmack: Freu dich auf traditionelle Tiroler Spezialit\u00e4ten, Snacks, Nudelgerichte und neu: vegane K\u00f6stlichkeiten. Komm vorbei und erlebe deinen Mmh-Moment.<\/p>\n<p>[\/et_pb_text][et_pb_blurb url=&#8220;https:\/\/www.arena-center.at\/wp-content\/uploads\/2025\/11\/08-ArenaCenter_Speisekarte_202526_A5-Steher_01_WEB.pdf&#8220; url_new_window=&#8220;on&#8220; image=&#8220;https:\/\/www.arena-center.at\/wp-content\/uploads\/2024\/11\/Besteck.svg&#8220; alt=&#8220;Besteck&#8220; icon_placement=&#8220;left&#8220; disabled_on=&#8220;off|off|off&#8220; module_class=&#8220;pdf-link&#8220; _builder_version=&#8220;4.27.4&#8243; _module_preset=&#8220;default&#8220; body_text_color=&#8220;#0064D7&#8243; body_link_text_color=&#8220;#0064D7&#8243; custom_margin=&#8220;0px||40px||false|false&#8220; custom_margin_tablet=&#8220;||15px||false|false&#8220; custom_margin_phone=&#8220;||15px||false|false&#8220; custom_margin_last_edited=&#8220;on|tablet&#8220; animation=&#8220;off&#8220; link_option_url=&#8220;https:\/\/www.arena-center.at\/wp-content\/uploads\/2025\/11\/08-ArenaCenter_Speisekarte_202526_A5-Steher_01_WEB.pdf&#8220; link_option_url_new_window=&#8220;on&#8220; hover_enabled=&#8220;0&#8243; global_module=&#8220;365&#8243; saved_tabs=&#8220;all&#8220; global_colors_info=&#8220;{}&#8220; filter_opacity__hover_enabled=&#8220;on|hover&#8220; filter_opacity__hover=&#8220;80%&#8220; sticky_enabled=&#8220;0&#8243;]<\/p>\n<p><span style=\"text-decoration: underline; text-decoration-thickness: 1.5px; text-underline-offset: 2px;\" class=\"big-text\">Speisen<\/span><\/p>\n<p>[\/et_pb_blurb][\/et_pb_column][et_pb_column type=&#8220;1_2&#8243; _builder_version=&#8220;4.25.2&#8243; _module_preset=&#8220;default&#8220; global_colors_info=&#8220;{}&#8220;][et_pb_image src=&#8220;https:\/\/www.arena-center.at\/wp-content\/uploads\/2024\/11\/Pasta.webp&#8220; alt=&#8220;Pasta&#8220; title_text=&#8220;Pasta&#8220; _builder_version=&#8220;4.25.2&#8243; _module_preset=&#8220;default&#8220; global_colors_info=&#8220;{}&#8220;][\/et_pb_image][et_pb_image src=&#8220;https:\/\/www.arena-center.at\/wp-content\/uploads\/2024\/11\/Herz.svg&#8220; alt=&#8220;Herz&#8220; title_text=&#8220;Herz&#8220; _builder_version=&#8220;4.25.2&#8243; _module_preset=&#8220;default&#8220; positioning=&#8220;absolute&#8220; position_origin_a=&#8220;bottom_left&#8220; vertical_offset=&#8220;-33px&#8220; horizontal_offset=&#8220;-40px&#8220; vertical_offset_tablet=&#8220;-29px&#8220; vertical_offset_phone=&#8220;-21px&#8220; vertical_offset_last_edited=&#8220;on|tablet&#8220; horizontal_offset_tablet=&#8220;-40px&#8220; horizontal_offset_phone=&#8220;13px&#8220; horizontal_offset_last_edited=&#8220;on|desktop&#8220; width=&#8220;78px&#8220; width_tablet=&#8220;68px&#8220; width_phone=&#8220;38px&#8220; width_last_edited=&#8220;on|phone&#8220; global_colors_info=&#8220;{}&#8220;][\/et_pb_image][\/et_pb_column][\/et_pb_row][et_pb_row _builder_version=&#8220;4.25.2&#8243; _module_preset=&#8220;default&#8220; locked=&#8220;off&#8220; global_colors_info=&#8220;{}&#8220;][et_pb_column type=&#8220;4_4&#8243; _builder_version=&#8220;4.25.2&#8243; _module_preset=&#8220;default&#8220; global_colors_info=&#8220;{}&#8220;][et_pb_divider _builder_version=&#8220;4.25.2&#8243; _module_preset=&#8220;default&#8220; height=&#8220;0px&#8220; custom_margin=&#8220;90px||58px||false|false&#8220; custom_margin_tablet=&#8220;52px||20px||false|false&#8220; custom_margin_phone=&#8220;52px||20px||false|false&#8220; custom_margin_last_edited=&#8220;on|phone&#8220; custom_padding=&#8220;0px||0px||false|false&#8220; global_colors_info=&#8220;{}&#8220;][\/et_pb_divider][et_pb_text content_tablet=&#8220;<\/p>\n<p style=%22margin-bottom: 10px;%22 class=%22big-text%22>Montag \u2013 Sonntag<br \/>09:00 \u2013 16:45 Uhr<\/p>\n<p>T\u00e4glich warme K\u00fcche von 09:30 \u2013 16:00 Uhr<\/p>\n<p>&#8220; content_phone=&#8220;<\/p>\n<p style=%22margin-bottom: 10px;%22 class=%22big-text%22>Montag \u2013 Sonntag<br \/>09:00 \u2013 16:45 Uhr<\/p>\n<p>T\u00e4glich warme K\u00fcche<br \/>\nvon 09:30 \u2013 16:00 Uhr<\/p>\n<p>&#8220; content_last_edited=&#8220;off|desktop&#8220; _builder_version=&#8220;4.27.4&#8243; _module_preset=&#8220;default&#8220; text_orientation=&#8220;center&#8220; hover_enabled=&#8220;0&#8243; global_colors_info=&#8220;{}&#8220; sticky_enabled=&#8220;0&#8243;]<\/p>\n<p class=\"big-text\">T\u00e4glich warme K\u00fcche<br \/>11:00 \u2013 15:30 Uhr<\/p>\n<p>[\/et_pb_text][et_pb_image src=&#8220;https:\/\/www.arena-center.at\/wp-content\/uploads\/2024\/11\/Cocktail.svg&#8220; alt=&#8220;Cocktail&#8220; title_text=&#8220;Cocktail&#8220; disabled_on=&#8220;on|on|off&#8220; admin_label=&#8220;Icon Besteck und Sekt&#8220; _builder_version=&#8220;4.25.2&#8243; _module_preset=&#8220;default&#8220; positioning=&#8220;absolute&#8220; position_origin_a=&#8220;bottom_right&#8220; vertical_offset=&#8220;48px&#8220; horizontal_offset=&#8220;75px&#8220; width=&#8220;110px&#8220; global_colors_info=&#8220;{}&#8220;][\/et_pb_image][et_pb_image src=&#8220;https:\/\/www.arena-center.at\/wp-content\/uploads\/2024\/11\/Besteck-und-Sektglaeser.svg&#8220; alt=&#8220;Besteck und Sektgla\u0308ser&#8220; title_text=&#8220;Besteck und Sektgla\u0308ser&#8220; disabled_on=&#8220;on|on|off&#8220; admin_label=&#8220;Icon Besteck und Sekt&#8220; _builder_version=&#8220;4.25.2&#8243; _module_preset=&#8220;default&#8220; positioning=&#8220;absolute&#8220; position_origin_a=&#8220;bottom_left&#8220; vertical_offset=&#8220;39px&#8220; horizontal_offset=&#8220;127px&#8220; width=&#8220;139px&#8220; global_colors_info=&#8220;{}&#8220;][\/et_pb_image][et_pb_divider _builder_version=&#8220;4.25.2&#8243; _module_preset=&#8220;default&#8220; height=&#8220;0px&#8220; custom_margin=&#8220;57px||0px||false|false&#8220; custom_margin_tablet=&#8220;20px||||false|false&#8220; custom_margin_phone=&#8220;20px||||false|false&#8220; custom_margin_last_edited=&#8220;on|phone&#8220; custom_padding=&#8220;0px||0px||false|false&#8220; global_colors_info=&#8220;{}&#8220;][\/et_pb_divider][\/et_pb_column][\/et_pb_row][\/et_pb_section][et_pb_section fb_built=&#8220;1&#8243; custom_padding_last_edited=&#8220;on|phone&#8220; _builder_version=&#8220;4.25.2&#8243; _module_preset=&#8220;default&#8220; background_color=&#8220;#47A803&#8243; custom_padding=&#8220;100px||130px||false|false&#8220; custom_padding_tablet=&#8220;50px||20px||false|false&#8220; custom_padding_phone=&#8220;50px||20px||false|false&#8220; global_colors_info=&#8220;{}&#8220;][et_pb_row _builder_version=&#8220;4.25.2&#8243; _module_preset=&#8220;default&#8220; custom_margin=&#8220;0px||90px||false|false&#8220; custom_margin_tablet=&#8220;||60px||false|false&#8220; custom_margin_phone=&#8220;||60px||false|false&#8220; custom_margin_last_edited=&#8220;on|tablet&#8220; global_colors_info=&#8220;{}&#8220;][et_pb_column type=&#8220;4_4&#8243; _builder_version=&#8220;4.25.2&#8243; _module_preset=&#8220;default&#8220; global_colors_info=&#8220;{}&#8220;][et_pb_image src=&#8220;https:\/\/www.arena-center.at\/wp-content\/uploads\/2024\/11\/Plant-Based-Kitchen.svg&#8220; alt=&#8220;Plant Based Kitchen&#8220; title_text=&#8220;Plant Based Kitchen&#8220; align=&#8220;center&#8220; _builder_version=&#8220;4.25.2&#8243; _module_preset=&#8220;default&#8220; width_tablet=&#8220;&#8220; width_phone=&#8220;100%&#8220; width_last_edited=&#8220;on|tablet&#8220; height=&#8220;97px&#8220; height_tablet=&#8220;53px&#8220; height_phone=&#8220;auto&#8220; height_last_edited=&#8220;on|phone&#8220; global_colors_info=&#8220;{}&#8220;][\/et_pb_image][\/et_pb_column][\/et_pb_row][et_pb_row column_structure=&#8220;1_3,2_3&#8243; _builder_version=&#8220;4.25.2&#8243; _module_preset=&#8220;default&#8220; global_colors_info=&#8220;{}&#8220;][et_pb_column type=&#8220;1_3&#8243; _builder_version=&#8220;4.25.2&#8243; _module_preset=&#8220;default&#8220; global_colors_info=&#8220;{}&#8220;][et_pb_text content_tablet=&#8220;<\/p>\n<h2>Where vegan <span style=%22color: #f9b200;%22>taste is based<\/span><\/h2>\n<p>&#8220; content_phone=&#8220;<\/p>\n<h2>Where vegan<br \/>\n<span style=%22color: #f9b200;%22>taste is based<\/span><\/h2>\n<p>&#8220; content_last_edited=&#8220;on|tablet&#8220; _builder_version=&#8220;4.25.2&#8243; _module_preset=&#8220;default&#8220; header_2_text_color=&#8220;#FAFAFA&#8220; custom_margin_tablet=&#8220;||15px||false|false&#8220; custom_margin_phone=&#8220;||15px||false|false&#8220; custom_margin_last_edited=&#8220;on|tablet&#8220; global_colors_info=&#8220;{}&#8220;]<\/p>\n<h2>Where vegan<br \/><span style=\"color: #f9b200;\">taste is based<\/span><\/h2>\n<p>[\/et_pb_text][\/et_pb_column][et_pb_column type=&#8220;2_3&#8243; _builder_version=&#8220;4.25.2&#8243; _module_preset=&#8220;default&#8220; global_colors_info=&#8220;{}&#8220;][et_pb_text _builder_version=&#8220;4.25.2&#8243; _module_preset=&#8220;default&#8220; text_text_color=&#8220;#FAFAFA&#8220; width=&#8220;78.87%&#8220; width_tablet=&#8220;100%&#8220; width_phone=&#8220;100%&#8220; width_last_edited=&#8220;on|tablet&#8220; custom_margin=&#8220;0px||25px||false|false&#8220; custom_margin_tablet=&#8220;||15px||false|false&#8220; custom_margin_phone=&#8220;||15px||false|false&#8220; custom_margin_last_edited=&#8220;on|tablet&#8220; global_colors_info=&#8220;{}&#8220;]<\/p>\n<p class=\"einleitung\">NEU: In unserer Plant-based Kitchen kochen wir vegane Gerichte und setzen dabei auf h\u00f6chste Qualit\u00e4t, regionale Produkte und echten Geschmack.<\/p>\n<p>[\/et_pb_text][et_pb_text _builder_version=&#8220;4.25.2&#8243; _module_preset=&#8220;default&#8220; text_text_color=&#8220;#FAFAFA&#8220; width=&#8220;78.87%&#8220; width_tablet=&#8220;100%&#8220; width_phone=&#8220;100%&#8220; width_last_edited=&#8220;on|tablet&#8220; custom_margin_tablet=&#8220;||15px||false|false&#8220; custom_margin_last_edited=&#8220;off|desktop&#8220; global_colors_info=&#8220;{}&#8220;]<\/p>\n<p>Mit Liebe zubereitet, servieren wir K\u00f6stlichkeiten, die nicht nur gesund, sondern auch gut f\u00fcr die Umwelt sind. Wir kochen vegan, um Ressourcen zu schonen, das Tierwohl zu f\u00f6rdern und unseren G\u00e4sten eine bewusste, nachhaltige Ern\u00e4hrung zu erm\u00f6glichen \u2013 ohne Kompromisse beim Geschmack.<\/p>\n<p>[\/et_pb_text][et_pb_image src=&#8220;https:\/\/www.arena-center.at\/wp-content\/uploads\/2024\/11\/Plant-Based.svg&#8220; alt=&#8220;Plant Based&#8220; title_text=&#8220;Plant Based&#8220; align=&#8220;right&#8220; _builder_version=&#8220;4.25.2&#8243; _module_preset=&#8220;default&#8220; positioning=&#8220;absolute&#8220; position_origin_a=&#8220;bottom_right&#8220; vertical_offset=&#8220;-30px&#8220; position_origin_a_tablet=&#8220;bottom_right&#8220; position_origin_a_phone=&#8220;bottom_right&#8220; position_origin_a_last_edited=&#8220;on|desktop&#8220; position_origin_f_tablet=&#8220;&#8220; position_origin_f_phone=&#8220;&#8220; position_origin_f_last_edited=&#8220;on|desktop&#8220; position_origin_r_tablet=&#8220;&#8220; position_origin_r_phone=&#8220;&#8220; position_origin_r_last_edited=&#8220;on|desktop&#8220; width=&#8220;125px&#8220; width_tablet=&#8220;87px&#8220; width_phone=&#8220;87px&#8220; width_last_edited=&#8220;on|tablet&#8220; custom_margin_tablet=&#8220;10px||||false|false&#8220; custom_margin_phone=&#8220;10px||||false|false&#8220; custom_margin_last_edited=&#8220;on|tablet&#8220; positioning_tablet=&#8220;none&#8220; positioning_phone=&#8220;none&#8220; positioning_last_edited=&#8220;on|tablet&#8220; global_colors_info=&#8220;{}&#8220;][\/et_pb_image][\/et_pb_column][\/et_pb_row][\/et_pb_section][et_pb_section fb_built=&#8220;1&#8243; custom_padding_last_edited=&#8220;on|tablet&#8220; _builder_version=&#8220;4.25.2&#8243; _module_preset=&#8220;default&#8220; custom_padding=&#8220;100px||110px||false|false&#8220; custom_padding_tablet=&#8220;50px||80px||false|false&#8220; custom_padding_phone=&#8220;50px||80px||false|false&#8220; global_colors_info=&#8220;{}&#8220;][et_pb_row column_structure=&#8220;1_2,1_2&#8243; _builder_version=&#8220;4.25.2&#8243; _module_preset=&#8220;default&#8220; custom_margin=&#8220;0px||40px||false|false&#8220; custom_margin_tablet=&#8220;||30px||false|false&#8220; custom_margin_phone=&#8220;||30px||false|false&#8220; custom_margin_last_edited=&#8220;on|tablet&#8220; global_colors_info=&#8220;{}&#8220;][et_pb_column type=&#8220;1_2&#8243; _builder_version=&#8220;4.25.2&#8243; _module_preset=&#8220;default&#8220; global_colors_info=&#8220;{}&#8220;][et_pb_text _builder_version=&#8220;4.25.2&#8243; _module_preset=&#8220;default&#8220; custom_margin_tablet=&#8220;||15px||false|false&#8220; custom_margin_phone=&#8220;||15px||false|false&#8220; custom_margin_last_edited=&#8220;on|tablet&#8220; global_colors_info=&#8220;{}&#8220;]<\/p>\n<h2>Rauf ins <span style=\"color: #0064d7;\">Arena Center<\/span><\/h2>\n<p>[\/et_pb_text][\/et_pb_column][et_pb_column type=&#8220;1_2&#8243; _builder_version=&#8220;4.25.2&#8243; _module_preset=&#8220;default&#8220; global_colors_info=&#8220;{}&#8220;][et_pb_text _builder_version=&#8220;4.25.2&#8243; _module_preset=&#8220;default&#8220; custom_margin=&#8220;0px||15px||false|false&#8220; global_colors_info=&#8220;{}&#8220;]<\/p>\n<p class=\"einleitung\">Oben an der Bergstation der Isskogelbahn warten leckere Speisen, herrliche Ausblicke und gem\u00fctliche Stunden auf dich.<\/p>\n<p>[\/et_pb_text][et_pb_button button_url=&#8220;https:\/\/www.zillertalarena.com\/gerlos\/der-ort\/lage-anreise\/&#8220; url_new_window=&#8220;on&#8220; button_text=&#8220;So einfach erreichst du uns&#8220; _builder_version=&#8220;4.25.2&#8243; _module_preset=&#8220;default&#8220; button_text_color=&#8220;#F9B200&#8243; global_colors_info=&#8220;{}&#8220;][\/et_pb_button][\/et_pb_column][\/et_pb_row][et_pb_row _builder_version=&#8220;4.25.2&#8243; _module_preset=&#8220;default&#8220; global_colors_info=&#8220;{}&#8220;][et_pb_column type=&#8220;4_4&#8243; _builder_version=&#8220;4.25.2&#8243; _module_preset=&#8220;default&#8220; global_colors_info=&#8220;{}&#8220;][et_pb_code _builder_version=&#8220;4.25.2&#8243; _module_preset=&#8220;default&#8220; global_colors_info=&#8220;{}&#8220;]<iframe src=\"https:\/\/www.google.com\/maps\/embed?pb=!1m18!1m12!1m3!1d2708.559050492318!2d12.032568877072265!3d47.24477047115896!2m3!1f0!2f0!3f0!3m2!1i1024!2i768!4f13.1!3m3!1m2!1s0x4777c68b40c40ec7%3A0x1f72f9a00e964748!2sArena%20Center%20Restaurant!5e0!3m2!1sde!2sat!4v1730883077563!5m2!1sde!2sat\" width=\"100%\" height=\"461\" style=\"border:0;\" allowfullscreen=\"\" loading=\"lazy\" referrerpolicy=\"no-referrer-when-downgrade\"><\/iframe>[\/et_pb_code][et_pb_image src=&#8220;https:\/\/www.arena-center.at\/wp-content\/uploads\/2024\/11\/Wegweiser-und-Lift.svg&#8220; alt=&#8220;Wegweiser und Lift&#8220; title_text=&#8220;Wegweiser und Lift&#8220; _builder_version=&#8220;4.25.2&#8243; _module_preset=&#8220;default&#8220; positioning=&#8220;absolute&#8220; position_origin_a=&#8220;bottom_right&#8220; vertical_offset=&#8220;-21px&#8220; horizontal_offset=&#8220;-21px&#8220; z_index=&#8220;20&#8243; vertical_offset_tablet=&#8220;-18px&#8220; vertical_offset_phone=&#8220;-18px&#8220; vertical_offset_last_edited=&#8220;on|phone&#8220; horizontal_offset_tablet=&#8220;0px&#8220; horizontal_offset_phone=&#8220;0px&#8220; horizontal_offset_last_edited=&#8220;on|tablet&#8220; width=&#8220;140px&#8220; width_tablet=&#8220;104px&#8220; width_phone=&#8220;105px&#8220; width_last_edited=&#8220;on|phone&#8220; global_colors_info=&#8220;{}&#8220;][\/et_pb_image][\/et_pb_column][\/et_pb_row][\/et_pb_section]<\/p>\n","protected":false},"excerpt":{"rendered":"<p>Jeder Besuch macht AppetitDas Arena Center trifft jeden Geschmack: Freu dich auf traditionelle Tiroler Spezialit\u00e4ten, Snacks, Nudelgerichte und neu: vegane K\u00f6stlichkeiten. Komm vorbei und erlebe deinen Mmh-Moment.SpeisenT\u00e4glich warme K\u00fcche11:00 \u2013 15:30 UhrWhere vegantaste is basedNEU: In unserer Plant-based Kitchen kochen wir vegane Gerichte und setzen dabei auf h\u00f6chste Qualit\u00e4t, regionale Produkte und echten Geschmack.Mit Liebe [&hellip;]<\/p>\n","protected":false},"author":1,"featured_media":0,"parent":0,"menu_order":0,"comment_status":"closed","ping_status":"closed","template":"","meta":{"_et_pb_use_builder":"on","_et_pb_old_content":"","_et_gb_content_width":"","footnotes":""},"class_list":["post-239","page","type-page","status-publish","hentry"],"_links":{"self":[{"href":"https:\/\/www.arena-center.at\/en\/wp-json\/wp\/v2\/pages\/239","targetHints":{"allow":["GET"]}}],"collection":[{"href":"https:\/\/www.arena-center.at\/en\/wp-json\/wp\/v2\/pages"}],"about":[{"href":"https:\/\/www.arena-center.at\/en\/wp-json\/wp\/v2\/types\/page"}],"author":[{"embeddable":true,"href":"https:\/\/www.arena-center.at\/en\/wp-json\/wp\/v2\/users\/1"}],"replies":[{"embeddable":true,"href":"https:\/\/www.arena-center.at\/en\/wp-json\/wp\/v2\/comments?post=239"}],"version-history":[{"count":23,"href":"https:\/\/www.arena-center.at\/en\/wp-json\/wp\/v2\/pages\/239\/revisions"}],"predecessor-version":[{"id":893,"href":"https:\/\/www.arena-center.at\/en\/wp-json\/wp\/v2\/pages\/239\/revisions\/893"}],"wp:attachment":[{"href":"https:\/\/www.arena-center.at\/en\/wp-json\/wp\/v2\/media?parent=239"}],"curies":[{"name":"wp","href":"https:\/\/api.w.org\/{rel}","templated":true}]}}